{"id":5008,"date":"2020-11-04T15:34:39","date_gmt":"2020-11-04T15:34:39","guid":{"rendered":"https:\/\/www.shjengcon.com\/ar\/?page_id=5008"},"modified":"2020-11-24T18:01:15","modified_gmt":"2020-11-24T18:01:15","slug":"educational","status":"publish","type":"page","link":"https:\/\/www.shjengcon.com\/ar\/projects\/educational\/","title":{"rendered":"Educational"},"content":{"rendered":"\t\t<div data-elementor-type=\"wp-post\" data-elementor-id=\"5008\" class=\"elementor elementor-5008\">\n\t\t\t\t\t\t<section class=\"elementor-section elementor-top-section elementor-element elementor-element-bc93a66 elementor-section-stretched elementor-section-full_width elementor-section-height-default elementor-section-height-default\" data-id=\"bc93a66\" data-element_type=\"section\" data-e-type=\"section\" data-settings=\"{&quot;stretch_section&quot;:&quot;section-stretched&quot;,&quot;background_background&quot;:&quot;classic&quot;}\">\n\t\t\t\t\t\t<div class=\"elementor-container elementor-column-gap-default\">\n\t\t\t\t\t<div class=\"elementor-column elementor-col-100 elementor-top-column elementor-element elementor-element-74bcd1f\" data-id=\"74bcd1f\" data-element_type=\"column\" data-e-type=\"column\">\n\t\t\t<div class=\"elementor-widget-wrap elementor-element-populated\">\n\t\t\t\t\t\t<div class=\"elementor-element elementor-element-63bb254 elementor-widget elementor-widget-image\" data-id=\"63bb254\" data-element_type=\"widget\" data-e-type=\"widget\" data-widget_type=\"image.default\">\n\t\t\t\t<div class=\"elementor-widget-container\">\n\t\t\t\t\t\t\t\t\t\t\t\t\t\t\t<img fetchpriority=\"high\" decoding=\"async\" width=\"1920\" height=\"763\" src=\"https:\/\/www.shjengcon.com\/ar\/wp-content\/uploads\/2020\/11\/educational-header.jpg\" class=\"attachment-full size-full wp-image-5090\" alt=\"\" srcset=\"https:\/\/www.shjengcon.com\/ar\/wp-content\/uploads\/2020\/11\/educational-header.jpg 1920w, https:\/\/www.shjengcon.com\/ar\/wp-content\/uploads\/2020\/11\/educational-header-300x119.jpg 300w, https:\/\/www.shjengcon.com\/ar\/wp-content\/uploads\/2020\/11\/educational-header-1024x407.jpg 1024w, https:\/\/www.shjengcon.com\/ar\/wp-content\/uploads\/2020\/11\/educational-header-768x305.jpg 768w, https:\/\/www.shjengcon.com\/ar\/wp-content\/uploads\/2020\/11\/educational-header-1536x610.jpg 1536w, https:\/\/www.shjengcon.com\/ar\/wp-content\/uploads\/2020\/11\/educational-header-700x278.jpg 700w\" sizes=\"(max-width: 1920px) 100vw, 1920px\" \/>\t\t\t\t\t\t\t\t\t\t\t\t\t\t\t<\/div>\n\t\t\t\t<\/div>\n\t\t\t\t\t<\/div>\n\t\t<\/div>\n\t\t\t\t\t<\/div>\n\t\t<\/section>\n\t\t\t\t<section class=\"elementor-section elementor-top-section elementor-element elementor-element-188e096 elementor-section-boxed elementor-section-height-default elementor-section-height-default\" data-id=\"188e096\" data-element_type=\"section\" data-e-type=\"section\">\n\t\t\t\t\t\t<div class=\"elementor-container elementor-column-gap-no\">\n\t\t\t\t\t<div class=\"elementor-column elementor-col-100 elementor-top-column elementor-element elementor-element-77e72cd\" data-id=\"77e72cd\" data-element_type=\"column\" data-e-type=\"column\">\n\t\t\t<div class=\"elementor-widget-wrap elementor-element-populated\">\n\t\t\t\t\t\t<div class=\"elementor-element elementor-element-5924766 elementor-align-center elementor-widget elementor-widget-heading\" data-id=\"5924766\" data-element_type=\"widget\" data-e-type=\"widget\" data-widget_type=\"heading.default\">\n\t\t\t\t<div class=\"elementor-widget-container\">\n\t\t\t\t\t<h2 class=\"elementor-heading-title elementor-size-default\"><span style=\"color:#2a469c\">\u0645\u0634\u0627\u0631\u064a\u0639<\/span>  \u062a\u0639\u0644\u064a\u0645\u064a\u0629<\/h2>\t\t\t\t<\/div>\n\t\t\t\t<\/div>\n\t\t\t\t<div class=\"elementor-element elementor-element-21571c1 elementor-portfolio-style-overlay elementor-widget elementor-widget-opal-portfolio\" data-id=\"21571c1\" data-element_type=\"widget\" data-e-type=\"widget\" data-settings=\"{&quot;columns&quot;:&quot;3&quot;,&quot;columns_tablet&quot;:&quot;2&quot;,&quot;columns_mobile&quot;:&quot;1&quot;}\" data-widget_type=\"opal-portfolio.default\">\n\t\t\t\t<div class=\"elementor-widget-container\">\n\t\t\t\t\t        <div class=\"elementor-post-wrapper\" id=\"isotope-21571c1\">\n            <div class=\"row isotope-grid\" data-elementor-columns=\"3\" data-elementor-columns-tablet=\"2\" data-elementor-columns-mobile=\"1\">\n                <div class=\"column-item portfolio-entries __all %d8%aa%d8%b9%d9%84%d9%8a%d9%85%d9%8a \">\n<article id=\"post-4360\" class=\"portfolio post-4360 osf_portfolio type-osf_portfolio status-publish has-post-thumbnail hentry osf_portfolio_cat-33\">\n    <div class=\"portfolio-inner\">\n        <div class=\"portfolio-post-thumbnail\">\n                            <img decoding=\"async\" width=\"700\" height=\"620\" src=\"https:\/\/www.shjengcon.com\/ar\/wp-content\/uploads\/2020\/10\/Al-Resalah-1-700x620.jpg\" class=\"attachment-konstruktic-gallery-image size-konstruktic-gallery-image wp-post-image\" alt=\"\" srcset=\"https:\/\/www.shjengcon.com\/ar\/wp-content\/uploads\/2020\/10\/Al-Resalah-1-700x620.jpg 700w, https:\/\/www.shjengcon.com\/ar\/wp-content\/uploads\/2020\/10\/Al-Resalah-1-300x266.jpg 300w, https:\/\/www.shjengcon.com\/ar\/wp-content\/uploads\/2020\/10\/Al-Resalah-1-768x680.jpg 768w, https:\/\/www.shjengcon.com\/ar\/wp-content\/uploads\/2020\/10\/Al-Resalah-1.jpg 1000w\" sizes=\"(max-width: 700px) 100vw, 700px\" \/>                    <\/div><!-- .post-thumbnail -->\n        <div class=\"portfolio-content\">\n            <div class=\"portfolio-content-inner\">\n                <div class=\"entry-category\"><a href=\"https:\/\/www.shjengcon.com\/ar\/category-portfolio\/%d8%aa%d8%b9%d9%84%d9%8a%d9%85%d9%8a\/\">\u062a\u0639\u0644\u064a\u0645\u064a<\/a><\/div>\n                <h2 class=\"entry-title\"><a href=\"https:\/\/www.shjengcon.com\/ar\/portfolio\/al-resalah-international-school-of-science\/\">\u0645\u062f\u0631\u0633\u0629 \u0627\u0644\u0631\u0633\u0627\u0644\u0629 \u0627\u0644\u062f\u0648\u0644\u064a\u0629 \u0644\u0644\u0639\u0644\u0648\u0645<\/a><\/h2>\n                            <\/div>\n                    <\/div>\n\n    <\/div>\n<\/article><!-- #post-## --><\/div><div class=\"column-item portfolio-entries __all %d8%aa%d8%b9%d9%84%d9%8a%d9%85%d9%8a \">\n<article id=\"post-4367\" class=\"portfolio post-4367 osf_portfolio type-osf_portfolio status-publish has-post-thumbnail hentry osf_portfolio_cat-33\">\n    <div class=\"portfolio-inner\">\n        <div class=\"portfolio-post-thumbnail\">\n                            <img decoding=\"async\" width=\"700\" height=\"620\" src=\"https:\/\/www.shjengcon.com\/ar\/wp-content\/uploads\/2020\/10\/Al-Durra-1-700x620.jpg\" class=\"attachment-konstruktic-gallery-image size-konstruktic-gallery-image wp-post-image\" alt=\"\" srcset=\"https:\/\/www.shjengcon.com\/ar\/wp-content\/uploads\/2020\/10\/Al-Durra-1-700x620.jpg 700w, https:\/\/www.shjengcon.com\/ar\/wp-content\/uploads\/2020\/10\/Al-Durra-1-300x266.jpg 300w, https:\/\/www.shjengcon.com\/ar\/wp-content\/uploads\/2020\/10\/Al-Durra-1-768x680.jpg 768w, https:\/\/www.shjengcon.com\/ar\/wp-content\/uploads\/2020\/10\/Al-Durra-1.jpg 1000w\" sizes=\"(max-width: 700px) 100vw, 700px\" \/>                    <\/div><!-- .post-thumbnail -->\n        <div class=\"portfolio-content\">\n            <div class=\"portfolio-content-inner\">\n                <div class=\"entry-category\"><a href=\"https:\/\/www.shjengcon.com\/ar\/category-portfolio\/%d8%aa%d8%b9%d9%84%d9%8a%d9%85%d9%8a\/\">\u062a\u0639\u0644\u064a\u0645\u064a<\/a><\/div>\n                <h2 class=\"entry-title\"><a href=\"https:\/\/www.shjengcon.com\/ar\/portfolio\/al-durra-school\/\">\u0645\u062f\u0631\u0633\u0629 \u0627\u0644\u062f\u0631\u0629<\/a><\/h2>\n                            <\/div>\n                    <\/div>\n\n    <\/div>\n<\/article><!-- #post-## --><\/div><div class=\"column-item portfolio-entries __all %d8%aa%d8%b9%d9%84%d9%8a%d9%85%d9%8a \">\n<article id=\"post-4373\" class=\"portfolio post-4373 osf_portfolio type-osf_portfolio status-publish has-post-thumbnail hentry osf_portfolio_cat-33\">\n    <div class=\"portfolio-inner\">\n        <div class=\"portfolio-post-thumbnail\">\n                            <img loading=\"lazy\" decoding=\"async\" width=\"700\" height=\"620\" src=\"https:\/\/www.shjengcon.com\/ar\/wp-content\/uploads\/2020\/10\/Lycee-Francais-1-700x620.jpg\" class=\"attachment-konstruktic-gallery-image size-konstruktic-gallery-image wp-post-image\" alt=\"\" srcset=\"https:\/\/www.shjengcon.com\/ar\/wp-content\/uploads\/2020\/10\/Lycee-Francais-1-700x620.jpg 700w, https:\/\/www.shjengcon.com\/ar\/wp-content\/uploads\/2020\/10\/Lycee-Francais-1-300x266.jpg 300w, https:\/\/www.shjengcon.com\/ar\/wp-content\/uploads\/2020\/10\/Lycee-Francais-1-768x680.jpg 768w, https:\/\/www.shjengcon.com\/ar\/wp-content\/uploads\/2020\/10\/Lycee-Francais-1.jpg 1000w\" sizes=\"(max-width: 700px) 100vw, 700px\" \/>                    <\/div><!-- .post-thumbnail -->\n        <div class=\"portfolio-content\">\n            <div class=\"portfolio-content-inner\">\n                <div class=\"entry-category\"><a href=\"https:\/\/www.shjengcon.com\/ar\/category-portfolio\/%d8%aa%d8%b9%d9%84%d9%8a%d9%85%d9%8a\/\">\u062a\u0639\u0644\u064a\u0645\u064a<\/a><\/div>\n                <h2 class=\"entry-title\"><a href=\"https:\/\/www.shjengcon.com\/ar\/portfolio\/lycee-francais-theodore-monod-school\/\">\u0645\u062f\u0631\u0633\u0629 \u0627\u0644\u0644\u064a\u0633\u064a\u0647 \u0627\u0644\u0641\u0631\u0646\u0633\u064a\u0629<\/a><\/h2>\n                            <\/div>\n                    <\/div>\n\n    <\/div>\n<\/article><!-- #post-## --><\/div>            <\/div>\n        <\/div>\n                \t\t\t\t<\/div>\n\t\t\t\t<\/div>\n\t\t\t\t\t<\/div>\n\t\t<\/div>\n\t\t\t\t\t<\/div>\n\t\t<\/section>\n\t\t\t\t<\/div>\n\t\t","protected":false},"excerpt":{"rendered":"<p>\u0645\u0634\u0627\u0631\u064a\u0639 \u062a\u0639\u0644\u064a\u0645\u064a\u0629 \u062a\u0639\u0644\u064a\u0645\u064a Al Resalah International School of Science \u062a\u0639\u0644\u064a\u0645\u064a Lyc\u00e9e Fran\u00e7ais Th\u00e9odore Monod School \u062a\u0639\u0644\u064a\u0645\u064a \u0645\u062f\u0631\u0633\u0629 \u0627\u0644\u062f\u0631\u0629<\/p>\n","protected":false},"author":1,"featured_media":0,"parent":3027,"menu_order":0,"comment_status":"closed","ping_status":"closed","template":"page-elementor.php","meta":{"inline_featured_image":false,"_monsterinsights_skip_tracking":false,"_monsterinsights_sitenote_active":false,"_monsterinsights_sitenote_note":"","_monsterinsights_sitenote_category":0,"_joinchat":[],"footnotes":""},"class_list":["post-5008","page","type-page","status-publish","hentry"],"_links":{"self":[{"href":"https:\/\/www.shjengcon.com\/ar\/wp-json\/wp\/v2\/pages\/5008","targetHints":{"allow":["GET"]}}],"collection":[{"href":"https:\/\/www.shjengcon.com\/ar\/wp-json\/wp\/v2\/pages"}],"about":[{"href":"https:\/\/www.shjengcon.com\/ar\/wp-json\/wp\/v2\/types\/page"}],"author":[{"embeddable":true,"href":"https:\/\/www.shjengcon.com\/ar\/wp-json\/wp\/v2\/users\/1"}],"replies":[{"embeddable":true,"href":"https:\/\/www.shjengcon.com\/ar\/wp-json\/wp\/v2\/comments?post=5008"}],"version-history":[{"count":21,"href":"https:\/\/www.shjengcon.com\/ar\/wp-json\/wp\/v2\/pages\/5008\/revisions"}],"predecessor-version":[{"id":7610,"href":"https:\/\/www.shjengcon.com\/ar\/wp-json\/wp\/v2\/pages\/5008\/revisions\/7610"}],"up":[{"embeddable":true,"href":"https:\/\/www.shjengcon.com\/ar\/wp-json\/wp\/v2\/pages\/3027"}],"wp:attachment":[{"href":"https:\/\/www.shjengcon.com\/ar\/wp-json\/wp\/v2\/media?parent=5008"}],"curies":[{"name":"wp","href":"https:\/\/api.w.org\/{rel}","templated":true}]}}